{"id":7142,"date":"2019-10-09T14:59:24","date_gmt":"2019-10-09T21:59:24","guid":{"rendered":"https:\/\/kientrucdongtay.com\/nhadep\/search_gcse\/"},"modified":"2021-03-06T02:31:44","modified_gmt":"2021-03-06T09:31:44","slug":"tim-kiem","status":"publish","type":"page","link":"https:\/\/kientrucdongtay.com\/nhadep\/tim-kiem\/","title":{"rendered":"Nh\u1eadp t\u1eeb t\u00ecm ki\u1ebfm:"},"content":{"rendered":"<p><script async=\"\" src=\"https:\/\/cse.google.com\/cse.js?cx=36b81a0fdf165486b\"><\/script><\/p>\n<div class=\"gcse-search\"><\/div>\n","protected":false},"excerpt":{"rendered":"<p>Search Results<\/p>\n","protected":false},"author":1,"featured_media":0,"parent":0,"menu_order":0,"comment_status":"closed","ping_status":"closed","template":"","meta":[],"yoast_head":"<!-- This site is optimized with the Yoast SEO plugin v21.0 - https:\/\/yoast.com\/wordpress\/plugins\/seo\/ -->\n<title>Nh\u1eadp t\u1eeb t\u00ecm ki\u1ebfm: - Ki\u1ebfn tr\u00fac \u0111\u00f4ng t\u00e2y, thi\u1ebft k\u1ebf ki\u1ebfn tr\u00fac, n\u1ed9i th\u1ea5t, x\u00e2y d\u1ef1ng, thi c\u00f4ng nh\u00e0 \u0111\u1eb9p<\/title>\n<meta name=\"robots\" content=\"index, follow, max-snippet:-1, max-image-preview:large, max-video-preview:-1\" \/>\n<link rel=\"canonical\" href=\"https:\/\/kientrucdongtay.com\/nhadep\/tim-kiem\/\" \/>\n<meta property=\"og:locale\" content=\"en_US\" \/>\n<meta property=\"og:type\" content=\"article\" \/>\n<meta property=\"og:title\" content=\"Nh\u1eadp t\u1eeb t\u00ecm ki\u1ebfm: - Ki\u1ebfn tr\u00fac \u0111\u00f4ng t\u00e2y, thi\u1ebft k\u1ebf ki\u1ebfn tr\u00fac, n\u1ed9i th\u1ea5t, x\u00e2y d\u1ef1ng, thi c\u00f4ng nh\u00e0 \u0111\u1eb9p\" \/>\n<meta property=\"og:description\" content=\"Search Results\" \/>\n<meta property=\"og:url\" content=\"https:\/\/kientrucdongtay.com\/nhadep\/tim-kiem\/\" \/>\n<meta property=\"og:site_name\" content=\"Ki\u1ebfn tr\u00fac \u0111\u00f4ng t\u00e2y, thi\u1ebft k\u1ebf ki\u1ebfn tr\u00fac, n\u1ed9i th\u1ea5t, x\u00e2y d\u1ef1ng, thi c\u00f4ng nh\u00e0 \u0111\u1eb9p\" \/>\n<meta property=\"article:modified_time\" content=\"2021-03-06T09:31:44+00:00\" \/>\n<meta name=\"twitter:card\" content=\"summary_large_image\" \/>\n<script type=\"application\/ld+json\" class=\"yoast-schema-graph\">{\"@context\":\"https:\/\/schema.org\",\"@graph\":[{\"@type\":\"WebPage\",\"@id\":\"https:\/\/kientrucdongtay.com\/nhadep\/tim-kiem\/\",\"url\":\"https:\/\/kientrucdongtay.com\/nhadep\/tim-kiem\/\",\"name\":\"Nh\u1eadp t\u1eeb t\u00ecm ki\u1ebfm: - Ki\u1ebfn tr\u00fac \u0111\u00f4ng t\u00e2y, thi\u1ebft k\u1ebf ki\u1ebfn tr\u00fac, n\u1ed9i th\u1ea5t, x\u00e2y d\u1ef1ng, thi c\u00f4ng nh\u00e0 \u0111\u1eb9p\",\"isPartOf\":{\"@id\":\"https:\/\/kientrucdongtay.com\/nhadep\/#website\"},\"datePublished\":\"2019-10-09T21:59:24+00:00\",\"dateModified\":\"2021-03-06T09:31:44+00:00\",\"breadcrumb\":{\"@id\":\"https:\/\/kientrucdongtay.com\/nhadep\/tim-kiem\/#breadcrumb\"},\"inLanguage\":\"en-US\",\"potentialAction\":[{\"@type\":\"ReadAction\",\"target\":[\"https:\/\/kientrucdongtay.com\/nhadep\/tim-kiem\/\"]}]},{\"@type\":\"BreadcrumbList\",\"@id\":\"https:\/\/kientrucdongtay.com\/nhadep\/tim-kiem\/#breadcrumb\",\"itemListElement\":[{\"@type\":\"ListItem\",\"position\":1,\"name\":\"Home\",\"item\":\"https:\/\/kientrucdongtay.com\/nhadep\/\"},{\"@type\":\"ListItem\",\"position\":2,\"name\":\"Nh\u1eadp t\u1eeb t\u00ecm ki\u1ebfm:\"}]},{\"@type\":\"WebSite\",\"@id\":\"https:\/\/kientrucdongtay.com\/nhadep\/#website\",\"url\":\"https:\/\/kientrucdongtay.com\/nhadep\/\",\"name\":\"Ki\u1ebfn tr\u00fac \u0111\u00f4ng t\u00e2y, thi\u1ebft k\u1ebf ki\u1ebfn tr\u00fac, n\u1ed9i th\u1ea5t, x\u00e2y d\u1ef1ng, thi c\u00f4ng nh\u00e0 \u0111\u1eb9p\",\"description\":\"Ki\u1ebfn tr\u00fac \u0111\u00f4ng t\u00e2y, thi\u1ebft k\u1ebf ki\u1ebfn tr\u00fac, thi\u1ebft k\u1ebf n\u1ed9i th\u1ea5t, x\u00e2y d\u1ef1ng, thi c\u00f4ng nh\u00e0 \u0111\u1eb9p\",\"potentialAction\":[{\"@type\":\"SearchAction\",\"target\":{\"@type\":\"EntryPoint\",\"urlTemplate\":\"https:\/\/kientrucdongtay.com\/nhadep\/?s={search_term_string}\"},\"query-input\":\"required name=search_term_string\"}],\"inLanguage\":\"en-US\"}]}<\/script>\n<!-- \/ Yoast SEO plugin. -->","yoast_head_json":{"title":"Nh\u1eadp t\u1eeb t\u00ecm ki\u1ebfm: - Ki\u1ebfn tr\u00fac \u0111\u00f4ng t\u00e2y, thi\u1ebft k\u1ebf ki\u1ebfn tr\u00fac, n\u1ed9i th\u1ea5t, x\u00e2y d\u1ef1ng, thi c\u00f4ng nh\u00e0 \u0111\u1eb9p","robots":{"index":"index","follow":"follow","max-snippet":"max-snippet:-1","max-image-preview":"max-image-preview:large","max-video-preview":"max-video-preview:-1"},"canonical":"https:\/\/kientrucdongtay.com\/nhadep\/tim-kiem\/","og_locale":"en_US","og_type":"article","og_title":"Nh\u1eadp t\u1eeb t\u00ecm ki\u1ebfm: - Ki\u1ebfn tr\u00fac \u0111\u00f4ng t\u00e2y, thi\u1ebft k\u1ebf ki\u1ebfn tr\u00fac, n\u1ed9i th\u1ea5t, x\u00e2y d\u1ef1ng, thi c\u00f4ng nh\u00e0 \u0111\u1eb9p","og_description":"Search Results","og_url":"https:\/\/kientrucdongtay.com\/nhadep\/tim-kiem\/","og_site_name":"Ki\u1ebfn tr\u00fac \u0111\u00f4ng t\u00e2y, thi\u1ebft k\u1ebf ki\u1ebfn tr\u00fac, n\u1ed9i th\u1ea5t, x\u00e2y d\u1ef1ng, thi c\u00f4ng nh\u00e0 \u0111\u1eb9p","article_modified_time":"2021-03-06T09:31:44+00:00","twitter_card":"summary_large_image","schema":{"@context":"https:\/\/schema.org","@graph":[{"@type":"WebPage","@id":"https:\/\/kientrucdongtay.com\/nhadep\/tim-kiem\/","url":"https:\/\/kientrucdongtay.com\/nhadep\/tim-kiem\/","name":"Nh\u1eadp t\u1eeb t\u00ecm ki\u1ebfm: - Ki\u1ebfn tr\u00fac \u0111\u00f4ng t\u00e2y, thi\u1ebft k\u1ebf ki\u1ebfn tr\u00fac, n\u1ed9i th\u1ea5t, x\u00e2y d\u1ef1ng, thi c\u00f4ng nh\u00e0 \u0111\u1eb9p","isPartOf":{"@id":"https:\/\/kientrucdongtay.com\/nhadep\/#website"},"datePublished":"2019-10-09T21:59:24+00:00","dateModified":"2021-03-06T09:31:44+00:00","breadcrumb":{"@id":"https:\/\/kientrucdongtay.com\/nhadep\/tim-kiem\/#breadcrumb"},"inLanguage":"en-US","potentialAction":[{"@type":"ReadAction","target":["https:\/\/kientrucdongtay.com\/nhadep\/tim-kiem\/"]}]},{"@type":"BreadcrumbList","@id":"https:\/\/kientrucdongtay.com\/nhadep\/tim-kiem\/#breadcrumb","itemListElement":[{"@type":"ListItem","position":1,"name":"Home","item":"https:\/\/kientrucdongtay.com\/nhadep\/"},{"@type":"ListItem","position":2,"name":"Nh\u1eadp t\u1eeb t\u00ecm ki\u1ebfm:"}]},{"@type":"WebSite","@id":"https:\/\/kientrucdongtay.com\/nhadep\/#website","url":"https:\/\/kientrucdongtay.com\/nhadep\/","name":"Ki\u1ebfn tr\u00fac \u0111\u00f4ng t\u00e2y, thi\u1ebft k\u1ebf ki\u1ebfn tr\u00fac, n\u1ed9i th\u1ea5t, x\u00e2y d\u1ef1ng, thi c\u00f4ng nh\u00e0 \u0111\u1eb9p","description":"Ki\u1ebfn tr\u00fac \u0111\u00f4ng t\u00e2y, thi\u1ebft k\u1ebf ki\u1ebfn tr\u00fac, thi\u1ebft k\u1ebf n\u1ed9i th\u1ea5t, x\u00e2y d\u1ef1ng, thi c\u00f4ng nh\u00e0 \u0111\u1eb9p","potentialAction":[{"@type":"SearchAction","target":{"@type":"EntryPoint","urlTemplate":"https:\/\/kientrucdongtay.com\/nhadep\/?s={search_term_string}"},"query-input":"required name=search_term_string"}],"inLanguage":"en-US"}]}},"amp_enabled":false,"_links":{"self":[{"href":"https:\/\/kientrucdongtay.com\/nhadep\/wp-json\/wp\/v2\/pages\/7142"}],"collection":[{"href":"https:\/\/kientrucdongtay.com\/nhadep\/wp-json\/wp\/v2\/pages"}],"about":[{"href":"https:\/\/kientrucdongtay.com\/nhadep\/wp-json\/wp\/v2\/types\/page"}],"author":[{"embeddable":true,"href":"https:\/\/kientrucdongtay.com\/nhadep\/wp-json\/wp\/v2\/users\/1"}],"replies":[{"embeddable":true,"href":"https:\/\/kientrucdongtay.com\/nhadep\/wp-json\/wp\/v2\/comments?post=7142"}],"version-history":[{"count":5,"href":"https:\/\/kientrucdongtay.com\/nhadep\/wp-json\/wp\/v2\/pages\/7142\/revisions"}],"predecessor-version":[{"id":7254,"href":"https:\/\/kientrucdongtay.com\/nhadep\/wp-json\/wp\/v2\/pages\/7142\/revisions\/7254"}],"wp:attachment":[{"href":"https:\/\/kientrucdongtay.com\/nhadep\/wp-json\/wp\/v2\/media?parent=7142"}],"curies":[{"name":"wp","href":"https:\/\/api.w.org\/{rel}","templated":true}]}}